{"id":74,"date":"2023-11-26T23:35:54","date_gmt":"2023-11-26T22:35:54","guid":{"rendered":"https:\/\/mvsteel.sk\/?page_id=74"},"modified":"2023-11-26T23:43:06","modified_gmt":"2023-11-26T22:43:06","slug":"recyklovanie-doma","status":"publish","type":"page","link":"https:\/\/mvsteel.sk\/?page_id=74","title":{"rendered":"Recyklovanie doma"},"content":{"rendered":"\n<h4 class=\"wp-block-heading\">Ka\u017ed\u00e1 dom\u00e1cnos\u0165 produkuje pribli\u017ene tonu odpadu ro\u010dne. Na obaloch v\u00fdrokov n\u00e1jdeme dnes mno\u017estvo symbolov s inform\u00e1ciou o produkte a pod\u013ea tejto inform\u00e1cie potom odpad zatrie\u010fujeme do pr\u00edslu\u0161nej kateg\u00f3rie.<\/h4>\n\n\n\n<div style=\"height:40px\" aria-hidden=\"true\" class=\"wp-block-spacer\"><\/div>\n\n\n\n<h2 class=\"wp-block-heading\">Hlin\u00edk<\/h2>\n\n\n\n<ul>\n<li>Hlin\u00edk je druh\u00fdm najpou\u017e\u00edvanej\u0161\u00edm kovom na zemi.<\/li>\n\n\n\n<li>90 % ka\u017edoro\u010dne predan\u00fdch plechoviek je vyroben\u00fdch z hlin\u00edka.<\/li>\n\n\n\n<li>Recykl\u00e1ciou hlin\u00edka sa u\u0161etr\u00ed a\u017e do 95 % energie, ktor\u00e1 je potrebn\u00e1 na v\u00fdrobu hlin\u00edka zo surov\u00edn.<\/li>\n\n\n\n<li>Na v\u00fdrobu jednej plechovky zo surov\u00edn sa spotrebuje to\u013eko energie, ako na recykl\u00e1ciu 20tich.<\/li>\n\n\n\n<li>Recykl\u00e1ciou 1 kg hlin\u00edka u\u0161etr\u00edme 8 kg bauxitu, 4 kg chemik\u00e1li\u00ed a 14 kW elektrickej energie.<\/li>\n\n\n\n<li>Energia, ktor\u00e1 sa u\u0161etr\u00ed pri recykl\u00e1cii jednej n\u00e1pojovej plechovky z hlin\u00edka posta\u010duje na 3 hodiny sledovania telev\u00edzie.<\/li>\n\n\n\n<li>75 % hlin\u00edka, ktor\u00fd bol kedy vyroben\u00fd, sa dnes st\u00e1le pou\u017e\u00edva.<\/li>\n\n\n\n<li>Ka\u017ed\u00fa min\u00fatu sa vo svete recykluje 113 200 hlin\u00edkov\u00fdch plechoviek.<\/li>\n\n\n\n<li>Priemern\u00e1 dom\u00e1cnos\u0165 pou\u017eije 3,2 kg hlin\u00edkov\u00fdch plechoviek za rok (asi 208 plechoviek).<\/li>\n\n\n\n<li>Pou\u017eit\u00e9 hlin\u00edkov\u00e9 plechovky m\u00f4\u017eete po recykl\u00e1cii n\u00e1js\u0165 na poli\u010dke v obchode u\u017e za 60 dn\u00ed.<\/li>\n<\/ul>\n\n\n\n<h2 class=\"wp-block-heading\">Oce\u013e<\/h2>\n\n\n\n<ul>\n<li>Ka\u017ed\u00e1 dom\u00e1cnos\u0165 pou\u017eije asi 600 oce\u013eov\u00fdch plechoviek ro\u010dne.<\/li>\n\n\n\n<li>Najten\u0161ia \u010das\u0165 steny plechovky m\u00f4\u017ee ma\u0165 len 0,07 mm. To je menej, ne\u017e \u013eudsk\u00fd vlas.<\/li>\n\n\n\n<li>Ak by ste postavili na seba 2818 plechoviek, dosiahnu v\u00fd\u0161ku Eiffelovej ve\u017ee.<\/li>\n\n\n\n<li>Oce\u013e je najviac recyklovan\u00fdm kovom na svete.<\/li>\n\n\n\n<li>V\u0161etky oce\u013eov\u00e9 plechovky s\u00fa 100 % recyklovate\u013en\u00e9, daj\u00fa sa pou\u017e\u00edva\u0165 znovu a znovu do \u010dohoko\u013evek \u2013 od \u00e1ut a bicyklov a\u017e po oce\u013eov\u00e9 plechovky.<\/li>\n\n\n\n<li>Oce\u013eov\u00e9 plechovky obsahuj\u00fa asi 25 % recyklovanej ocele.<\/li>\n<\/ul>\n\n\n\n<h2 class=\"wp-block-heading\">Plast<\/h2>\n\n\n\n<ul>\n<li>Odhaduje sa, \u017ee ro\u010dne sa vyhod\u00ed asi 13 bili\u00f3nov plastov\u00fdch flia\u0161.<\/li>\n\n\n\n<li>1 tona = 25 000 plastov\u00fdch flia\u0161<\/li>\n\n\n\n<li>V\u00e4\u010d\u0161ina plastov\u00fdch flia\u0161 je vyroben\u00e1 z PET alebo HDPE.<\/li>\n\n\n\n<li>Recykl\u00e1cia jednej plastovej f\u013ea\u0161e m\u00f4\u017ee uspori\u0165 energiu, ktor\u00e1 vysta\u010d\u00ed na 6-hodinov\u00fa prev\u00e1dzku 60 W \u017eiarovky.<\/li>\n\n\n\n<li>Na v\u00fdrobu plastovej f\u013ea\u0161e z recyklovan\u00e9ho plastu je treba o 75 % menej energie, ne\u017e na v\u00fdrobu novej f\u013ea\u0161e zo surov\u00edn.<\/li>\n\n\n\n<li>Viac, ne\u017e 285 000 ton plastov\u00fdch flia\u0161 z dom\u00e1cnosti sa nerecykluje. Pr\u00e1ca s t\u00fdmto odpadom stoj\u00ed samospr\u00e1vy nemal\u00e9 peniaze.<\/li>\n\n\n\n<li>25 recyklovan\u00fdch PET flia\u0161 sa d\u00e1 pou\u017ei\u0165 na v\u00fdrobu fl\u00edsovej bundy pre dospel\u00fdch.<\/li>\n\n\n\n<li>Na v\u00fdrobu plastov\u00fdch obalov sa pou\u017e\u00edvaj\u00fa asi 2 % vy\u0165a\u017eenej ropy.<\/li>\n\n\n\n<li>Recykl\u00e1cia 1 tony plastov\u00fdch flia\u0161 u\u0161etr\u00ed asi 1,5 tony uhl\u00edka.<\/li>\n\n\n\n<li>Jedny d\u017e\u00ednsy obsahuj\u00fa v priemere 8 recyklovan\u00fdch plastov\u00fdch flia\u0161.<\/li>\n<\/ul>\n","protected":false},"excerpt":{"rendered":"<p>Recyklovanie a sp\u00f4soby \u017eivota, ktor\u00e9 zabezpe\u010dia pohodln\u00fa bud\u00facnos\u0165 aj \u010fal\u0161\u00edm gener\u00e1ci\u00e1m rezonuj\u00fa v na\u0161om povedom\u00ed \u010doraz viac. \u010co m\u00f4\u017eeme urobi\u0165 ako jednotlivci? Prin\u00e1\u0161ame v\u00e1m zauj\u00edmav\u00e9 fakty na zamyslenie a sp\u00f4soby, ktor\u00e9 m\u00f4\u017eete aplikova\u0165 doma, v \u0161kole a v pracovnom prostred\u00ed. Eko. inak?<\/p>\n","protected":false},"author":1,"featured_media":75,"parent":0,"menu_order":0,"comment_status":"closed","ping_status":"closed","template":"template-fullwidth.php","meta":{"footnotes":""},"_links":{"self":[{"href":"https:\/\/mvsteel.sk\/index.php?rest_route=\/wp\/v2\/pages\/74"}],"collection":[{"href":"https:\/\/mvsteel.sk\/index.php?rest_route=\/wp\/v2\/pages"}],"about":[{"href":"https:\/\/mvsteel.sk\/index.php?rest_route=\/wp\/v2\/types\/page"}],"author":[{"embeddable":true,"href":"https:\/\/mvsteel.sk\/index.php?rest_route=\/wp\/v2\/users\/1"}],"replies":[{"embeddable":true,"href":"https:\/\/mvsteel.sk\/index.php?rest_route=%2Fwp%2Fv2%2Fcomments&post=74"}],"version-history":[{"count":7,"href":"https:\/\/mvsteel.sk\/index.php?rest_route=\/wp\/v2\/pages\/74\/revisions"}],"predecessor-version":[{"id":86,"href":"https:\/\/mvsteel.sk\/index.php?rest_route=\/wp\/v2\/pages\/74\/revisions\/86"}],"wp:featuredmedia":[{"embeddable":true,"href":"https:\/\/mvsteel.sk\/index.php?rest_route=\/wp\/v2\/media\/75"}],"wp:attachment":[{"href":"https:\/\/mvsteel.sk\/index.php?rest_route=%2Fwp%2Fv2%2Fmedia&parent=74"}],"curies":[{"name":"wp","href":"https:\/\/api.w.org\/{rel}","templated":true}]}}