{"id":34,"date":"2023-11-26T22:11:37","date_gmt":"2023-11-26T21:11:37","guid":{"rendered":"https:\/\/mvsteel.sk\/?page_id=34"},"modified":"2023-11-27T20:06:43","modified_gmt":"2023-11-27T19:06:43","slug":"vizia","status":"publish","type":"page","link":"https:\/\/mvsteel.sk\/?page_id=34","title":{"rendered":"V\u00edzia"},"content":{"rendered":"<div class=\"wp-block-image\">\n<figure class=\"alignleft size-full is-resized\"><img decoding=\"async\" src=\"https:\/\/mvsteel.sk\/wp-content\/uploads\/2023\/11\/vision.jpg\" alt=\"\" class=\"wp-image-35\" style=\"width:514px;height:auto\"\/><\/figure><\/div>\n\n\n<p class=\"has-medium-font-size\"><br><br>Ka\u017ed\u00e1 spolo\u010dnos\u0165, ktor\u00e1 sa chce neust\u00e1le zlep\u0161ova\u0165, tak ako t\u00e1 na\u0161a by mala ma\u0165 jasn\u00fa predstavu \u010do chce v\u00a0bl\u00edzkej bud\u00facnosti dosiahnu\u0165 . Na\u0161a v\u00edzia je premie\u0148a\u0165 odpad na vy\u0161\u0161iu formu energie a\u00a0to je vod\u00edk.<\/p>\n\n\n\n<div style=\"height:13px\" aria-hidden=\"true\" class=\"wp-block-spacer\"><\/div>\n\n\n\n<p style=\"font-size:17px\">Vod\u00edk je palivo bud\u00facnosti a&nbsp;ako n\u00e1hrada zemn\u00e9ho plynu a&nbsp;in\u00fdch fos\u00edlnych pal\u00edv je priam nepostr\u00e1date\u013en\u00fd . Vod\u00edk je absol\u00fatny obnovite\u013en\u00fd zdroj energie, ktor\u00fd pri pou\u017e\u00edvan\u00ed nem\u00e1 \u017eiadny negat\u00edvny vplyv na \u017eivotn\u00e9 prostredie.<\/p>\n\n\n\n<p style=\"font-size:17px\">Na\u0161a v\u00edzia spo\u010d\u00edva v&nbsp;tom, \u017ee odpad, ktor\u00fd sa u\u017e ned\u00e1 inak recyklova\u0165 sa v&nbsp;zariadeniach na v\u00fdrobu vod\u00edka premen\u00ed na takzvan\u00fd zelen\u00fd alebo modr\u00fd vod\u00edk. Takto v&nbsp;jednom kroku vieme prim\u00e1rne rie\u0161i\u0165 minim\u00e1lne dva probl\u00e9my a&nbsp;to je odpad, ktor\u00fd u\u017e nebude kon\u010di\u0165 na skl\u00e1dkach a&nbsp;palivo, ktor\u00e9 u\u017e nebude zamorova\u0165 \u017eivotn\u00e9 prostredie ako to fos\u00edlne. Sekund\u00e1rne pr\u00ednosy pou\u017e\u00edvania vod\u00edka s\u00fa nespo\u010detn\u00e9, ale hlavn\u00e9 dva treba vyzdvihn\u00fa\u0165 do popredia a&nbsp;to zlep\u0161enie zdravotn\u00e9ho stavu obyvate\u013estva ( hlavne v&nbsp;mest\u00e1ch ) a&nbsp;kvalitnej\u0161ie \u017eivotn\u00e9 prostredie ( v\u0161etko so v\u0161etk\u00fdm s\u00favis\u00ed ). Touto cestou chceme po\u017eiada\u0165 v\u0161etk\u00fdch, ktor\u00fd si myslia, \u017ee m\u00f4\u017eu nejak\u00fdm sp\u00f4sobom prispie\u0165 ku naplneniu na\u0161ej v\u00edzie, nech sa n\u00e1m ozv\u00fa.<\/p>\n","protected":false},"excerpt":{"rendered":"<p>Ka\u017ed\u00e1 spolo\u010dnos\u0165, ktor\u00e1 sa chce neust\u00e1le zlep\u0161ova\u0165, tak ako t\u00e1 na\u0161a by mala ma\u0165 jasn\u00fa predstavu \u010do chce v\u00a0bl\u00edzkej bud\u00facnosti dosiahnu\u0165<\/p>\n","protected":false},"author":1,"featured_media":146,"parent":0,"menu_order":0,"comment_status":"closed","ping_status":"closed","template":"template-fullwidth.php","meta":{"footnotes":""},"_links":{"self":[{"href":"https:\/\/mvsteel.sk\/index.php?rest_route=\/wp\/v2\/pages\/34"}],"collection":[{"href":"https:\/\/mvsteel.sk\/index.php?rest_route=\/wp\/v2\/pages"}],"about":[{"href":"https:\/\/mvsteel.sk\/index.php?rest_route=\/wp\/v2\/types\/page"}],"author":[{"embeddable":true,"href":"https:\/\/mvsteel.sk\/index.php?rest_route=\/wp\/v2\/users\/1"}],"replies":[{"embeddable":true,"href":"https:\/\/mvsteel.sk\/index.php?rest_route=%2Fwp%2Fv2%2Fcomments&post=34"}],"version-history":[{"count":10,"href":"https:\/\/mvsteel.sk\/index.php?rest_route=\/wp\/v2\/pages\/34\/revisions"}],"predecessor-version":[{"id":171,"href":"https:\/\/mvsteel.sk\/index.php?rest_route=\/wp\/v2\/pages\/34\/revisions\/171"}],"wp:featuredmedia":[{"embeddable":true,"href":"https:\/\/mvsteel.sk\/index.php?rest_route=\/wp\/v2\/media\/146"}],"wp:attachment":[{"href":"https:\/\/mvsteel.sk\/index.php?rest_route=%2Fwp%2Fv2%2Fmedia&parent=34"}],"curies":[{"name":"wp","href":"https:\/\/api.w.org\/{rel}","templated":true}]}}