{"id":23,"date":"2023-11-26T21:58:16","date_gmt":"2023-11-26T20:58:16","guid":{"rendered":"https:\/\/mvsteel.sk\/?page_id=23"},"modified":"2023-11-27T20:09:24","modified_gmt":"2023-11-27T19:09:24","slug":"o-nas","status":"publish","type":"page","link":"https:\/\/mvsteel.sk\/?page_id=23","title":{"rendered":"O n\u00e1s"},"content":{"rendered":"\n<h3 class=\"wp-block-heading has-text-align-center\">Spolo\u010dnos\u0165 MV-STEEL, s.r.o. vznikla u\u017e v\u00a0roku 2006 .<\/h3>\n\n\n<div class=\"wp-block-image is-style-default\">\n<figure class=\"alignleft size-full is-resized\"><img decoding=\"async\" src=\"https:\/\/mvsteel.sk\/wp-content\/uploads\/2023\/11\/logo_blue-removebg-preview.png\" alt=\"\" class=\"wp-image-8\" style=\"width:319px;height:auto\"\/><\/figure><\/div>\n\n\n<p style=\"font-size:17px\"><br><br><br><br>U\u017e od svojho vzniku, a\u017e doteraz sme sa v\u017edy venovali obnovite\u013en\u00fdm zdrojom energie s\u00a0prim\u00e1rnym vyu\u017eit\u00edm odpadov ako zdroja energie . Ako pravdepodobne ka\u017ed\u00e1 spolo\u010dnos\u0165, ktor\u00e1 je na trhu tak dlho ako na\u0161a, tak aj my sme pre\u0161li ur\u010dit\u00fdm v\u00fdvojom, ale ka\u017ed\u00e1 na\u0161a aktivita sa v\u017edy prim\u00e1rne<br>venovala ochrane \u017eivotn\u00e9ho prostredia .<br>Tento n\u00e1\u0161 prim\u00e1rny cie\u013e sme sa rozhodli na\u010falej rozv\u00edja\u0165 a\u00a0pos\u00fava\u0165 st\u00e1le na vy\u0161\u0161iu \u00farove\u0148 .<\/p>\n","protected":false},"excerpt":{"rendered":"<p>U\u017e od svojho vzniku, a\u017e doteraz sme sa v\u017edy venovali obnovite\u013en\u00fdm zdrojom energie<\/p>\n","protected":false},"author":1,"featured_media":145,"parent":0,"menu_order":0,"comment_status":"closed","ping_status":"closed","template":"template-fullwidth.php","meta":{"footnotes":""},"_links":{"self":[{"href":"https:\/\/mvsteel.sk\/index.php?rest_route=\/wp\/v2\/pages\/23"}],"collection":[{"href":"https:\/\/mvsteel.sk\/index.php?rest_route=\/wp\/v2\/pages"}],"about":[{"href":"https:\/\/mvsteel.sk\/index.php?rest_route=\/wp\/v2\/types\/page"}],"author":[{"embeddable":true,"href":"https:\/\/mvsteel.sk\/index.php?rest_route=\/wp\/v2\/users\/1"}],"replies":[{"embeddable":true,"href":"https:\/\/mvsteel.sk\/index.php?rest_route=%2Fwp%2Fv2%2Fcomments&post=23"}],"version-history":[{"count":16,"href":"https:\/\/mvsteel.sk\/index.php?rest_route=\/wp\/v2\/pages\/23\/revisions"}],"predecessor-version":[{"id":177,"href":"https:\/\/mvsteel.sk\/index.php?rest_route=\/wp\/v2\/pages\/23\/revisions\/177"}],"wp:featuredmedia":[{"embeddable":true,"href":"https:\/\/mvsteel.sk\/index.php?rest_route=\/wp\/v2\/media\/145"}],"wp:attachment":[{"href":"https:\/\/mvsteel.sk\/index.php?rest_route=%2Fwp%2Fv2%2Fmedia&parent=23"}],"curies":[{"name":"wp","href":"https:\/\/api.w.org\/{rel}","templated":true}]}}